{"id":828,"date":"2023-12-28T21:43:29","date_gmt":"2023-12-28T21:43:29","guid":{"rendered":"https:\/\/yinnasecrets.com\/?post_type=product&#038;p=828"},"modified":"2025-05-29T17:08:04","modified_gmt":"2025-05-29T17:08:04","slug":"yinner-amatista","status":"publish","type":"product","link":"https:\/\/yinnasecrets.com\/en\/product\/yinner-amatista\/","title":{"rendered":"Yinner Amatista"},"content":{"rendered":"<h2 style=\"color: #8ca190;\">Un homenaje a la t\u00e9cnica del rizado con cuchara.<\/h2>\n<p>El kit de 3 piezas incluye:<\/p>\n<ul>\n<li>Rizador de pesta\u00f1as <span style=\"color: #8ca190;\">Yinner<\/span><\/li>\n<li>Pa\u00f1o satinado para limpieza<\/li>\n<li>Bolsa de almacenamiento<\/li>\n<\/ul>\n<p>Nuestros rizadores de pesta\u00f1as est\u00e1n inspirados en gemas, reflejando su energ\u00eda y belleza.<\/p>\n<h3 style=\"color: #8ca190;\">Caracter\u00edsticas:<\/h3>\n<p>9,30 cm x 3,10 cm, espesor 1 mm. Material de acero inoxidable con dise\u00f1o trasero hecho a mano, elaborado con pinturas con alcohol, purpurina y resina epoxi.<\/p>\n<p><strong>Nota:<\/strong> Tenga en cuenta que al ser hecho a mano, pueden existir peque\u00f1as imperfecciones.<\/p>\n<h3 style=\"color: #8ca190;\">Beneficios para tus pesta\u00f1as:<\/h3>\n<ul>\n<li>Rizo natural y duradero<\/li>\n<\/ul>\n<h3 style=\"color: #8ca190;\">Beneficios generales:<\/h3>\n<ul>\n<li>Ergon\u00f3mico y c\u00f3modo de usar<\/li>\n<li>Dise\u00f1o \u00fanico hecho a mano<\/li>\n<li>Larga duraci\u00f3n<\/li>\n<\/ul>\n<h3 style=\"color: #8ca190;\">Modo de uso sencillo en 4 pasos:<\/h3>\n<ol>\n<li>Coloca el <span style=\"color: #8ca190;\">Yinner<\/span> en tu mano.<\/li>\n<li>Coloca el <span style=\"color: #8ca190;\">Yinner<\/span> en la ra\u00edz de tus pesta\u00f1as.<\/li>\n<li>Desliza el rizador desde la ra\u00edz hasta las puntas.<\/li>\n<li>Repite para lograr el efecto deseado.<\/li>\n<\/ol>\n<p style=\"font-weight: bold; font-size: larger; color: #a8886d;\">Costos de env\u00edo no est\u00e1n incluidos<\/p>\n<h3 style=\"color: #8ca190;\">M\u00e9todos de pago<\/h3>\n<p><img decoding=\"async\" class=\"\" style=\"max-width: 100%; height: auto;\" src=\"https:\/\/yinnasecrets.com\/wp-content\/uploads\/2024\/05\/metodos-de-pago.png\" alt=\"M\u00e9todos de pago\" \/><\/p>","protected":false},"excerpt":{"rendered":"<p>Un homenaje a la t\u00e9cnica del rizado con cuchara. El kit de 3 piezas incluye: Rizador de pesta\u00f1as Yinner Pa\u00f1o satinado para limpieza Bolsa de almacenamiento Nuestros rizadores de pesta\u00f1as est\u00e1n inspirados en gemas, reflejando su energ\u00eda y belleza. Caracter\u00edsticas: 9,30 cm x 3,10 cm, espesor 1 mm. Material de acero inoxidable con dise\u00f1o trasero [&hellip;]<\/p>","protected":false},"featured_media":858,"comment_status":"open","ping_status":"closed","template":"","meta":[],"product_cat":[22],"product_tag":[],"class_list":{"0":"post-828","1":"product","2":"type-product","3":"status-publish","4":"has-post-thumbnail","6":"product_cat-uncategorized","8":"first","9":"outofstock","10":"taxable","11":"shipping-taxable","12":"purchasable","13":"product-type-simple"},"aioseo_notices":[],"_links":{"self":[{"href":"https:\/\/yinnasecrets.com\/en\/wp-json\/wp\/v2\/product\/828","targetHints":{"allow":["GET"]}}],"collection":[{"href":"https:\/\/yinnasecrets.com\/en\/wp-json\/wp\/v2\/product"}],"about":[{"href":"https:\/\/yinnasecrets.com\/en\/wp-json\/wp\/v2\/types\/product"}],"replies":[{"embeddable":true,"href":"https:\/\/yinnasecrets.com\/en\/wp-json\/wp\/v2\/comments?post=828"}],"wp:featuredmedia":[{"embeddable":true,"href":"https:\/\/yinnasecrets.com\/en\/wp-json\/wp\/v2\/media\/858"}],"wp:attachment":[{"href":"https:\/\/yinnasecrets.com\/en\/wp-json\/wp\/v2\/media?parent=828"}],"wp:term":[{"taxonomy":"product_cat","embeddable":true,"href":"https:\/\/yinnasecrets.com\/en\/wp-json\/wp\/v2\/product_cat?post=828"},{"taxonomy":"product_tag","embeddable":true,"href":"https:\/\/yinnasecrets.com\/en\/wp-json\/wp\/v2\/product_tag?post=828"}],"curies":[{"name":"wp","href":"https:\/\/api.w.org\/{rel}","templated":true}]}}